{"id":5,"date":"2021-10-04T06:42:51","date_gmt":"2021-10-04T06:42:51","guid":{"rendered":"https:\/\/buch2.dashungrigeherz.de\/?page_id=5"},"modified":"2022-03-14T11:56:30","modified_gmt":"2022-03-14T11:56:30","slug":"gestalte-deine-website-mit-bloecken","status":"publish","type":"page","link":"https:\/\/buch2.dashungrigeherz.de\/","title":{"rendered":"Home"},"content":{"rendered":"<p>[et_pb_section fb_built=&#8220;1&#8243; _builder_version=&#8220;4.10.8&#8243; background_color=&#8220;rgba(229,220,227,0.04)&#8220; background_image=&#8220;https:\/\/buch2.dashungrigeherz.de\/wp-content\/uploads\/2021\/10\/Das-hungrige-Herz-10-1.png&#8220; custom_padding=&#8220;2px||5px|||&#8220; collapsed=&#8220;off&#8220; global_colors_info=&#8220;{}&#8220;][et_pb_row _builder_version=&#8220;4.10.8&#8243; _module_preset=&#8220;default&#8220; custom_margin=&#8220;-1px|auto||auto||&#8220; global_colors_info=&#8220;{}&#8220;][et_pb_column type=&#8220;4_4&#8243; _builder_version=&#8220;4.10.8&#8243; _module_preset=&#8220;default&#8220; global_colors_info=&#8220;{}&#8220;][et_pb_text _builder_version=&#8220;4.10.8&#8243; _module_preset=&#8220;default&#8220; text_font=&#8220;|700|||||||&#8220; text_font_size=&#8220;47px&#8220; text_line_height=&#8220;1.8em&#8220; width_tablet=&#8220;100%&#8220; width_phone=&#8220;&#8220; width_last_edited=&#8220;on|tablet&#8220; max_width=&#8220;100%&#8220; max_width_tablet=&#8220;&#8220; max_width_phone=&#8220;&#8220; max_width_last_edited=&#8220;on|tablet&#8220; module_alignment=&#8220;center&#8220; text_font_size_tablet=&#8220;&#8220; text_font_size_phone=&#8220;26px&#8220; text_font_size_last_edited=&#8220;on|phone&#8220; global_colors_info=&#8220;{}&#8220;]<\/p>\n<p style=\"text-align: center;\">\n<p style=\"text-align: center;\">Herzlich willkommen auf der Leserhomepage zum Buch<\/p>\n<p style=\"text-align: center;\">\n<p>[\/et_pb_text][et_pb_image src=&#8220;https:\/\/buch2.dashungrigeherz.de\/wp-content\/uploads\/2021\/10\/Das-hungrige-Herz-9-1.png&#8220; title_text=&#8220;Das hungrige Herz (9)&#8220; align=&#8220;center&#8220; _builder_version=&#8220;4.10.8&#8243; _module_preset=&#8220;default&#8220; width=&#8220;100%&#8220; max_width=&#8220;100%&#8220; max_width_tablet=&#8220;&#8220; max_width_phone=&#8220;100%&#8220; max_width_last_edited=&#8220;on|phone&#8220; module_alignment=&#8220;center&#8220; min_height=&#8220;597px&#8220; min_height_tablet=&#8220;289px&#8220; min_height_phone=&#8220;457px&#8220; min_height_last_edited=&#8220;on|phone&#8220; height=&#8220;811px&#8220; height_tablet=&#8220;461px&#8220; height_phone=&#8220;693px&#8220; height_last_edited=&#8220;on|phone&#8220; max_height=&#8220;570px&#8220; custom_margin=&#8220;2px|379px||||&#8220; custom_padding=&#8220;0px|||21px||&#8220; global_colors_info=&#8220;{}&#8220;][\/et_pb_image][et_pb_text _builder_version=&#8220;4.10.8&#8243; _module_preset=&#8220;default&#8220; text_font_size=&#8220;46px&#8220; custom_margin=&#8220;79px||22px|||&#8220; custom_padding=&#8220;||34px|||&#8220; text_font_size_tablet=&#8220;&#8220; text_font_size_phone=&#8220;25px&#8220; text_font_size_last_edited=&#8220;on|desktop&#8220; text_line_height_tablet=&#8220;&#8220; text_line_height_phone=&#8220;1.4em&#8220; text_line_height_last_edited=&#8220;on|phone&#8220; global_colors_info=&#8220;{}&#8220;]<\/p>\n<p style=\"text-align: center;\"><strong>Wie sch\u00f6n, <\/strong><\/p>\n<p style=\"text-align: center;\"><strong>dass Du hier bist!<\/strong><\/p>\n<p>[\/et_pb_text][\/et_pb_column][\/et_pb_row][\/et_pb_section]<\/p>\n","protected":false},"excerpt":{"rendered":"<p>Herzlich willkommen auf der Leserhomepage zum Buch Wie sch\u00f6n, dass Du hier bist!<\/p>\n","protected":false},"author":1,"featured_media":0,"parent":0,"menu_order":0,"comment_status":"closed","ping_status":"closed","template":"","meta":{"_et_pb_use_builder":"on","_et_pb_old_content":"<!-- wp:heading {\"align\":\"wide\",\"style\":{\"typography\":{\"lineHeight\":\"1.1\"}},\"className\":\"has-text-align-wide\",\"fontSize\":\"gigantic\"} -->\r\n<h2 class=\"alignwide has-text-align-wide has-gigantic-font-size\" style=\"line-height:1.1\">Gestalte deine Website mit Bl\u00f6cken<\/h2>\r\n<!-- \/wp:heading -->\r\n\r\n<!-- wp:spacer -->\r\n<div style=\"height:100px\" aria-hidden=\"true\" class=\"wp-block-spacer\"><\/div>\r\n<!-- \/wp:spacer -->\r\n\r\n<!-- wp:columns {\"verticalAlignment\":\"center\",\"align\":\"wide\",\"className\":\"is-style-twentytwentyone-columns-overlap\"} -->\r\n<div class=\"wp-block-columns alignwide are-vertically-aligned-center is-style-twentytwentyone-columns-overlap\"><!-- wp:column {\"verticalAlignment\":\"center\"} -->\r\n<div class=\"wp-block-column is-vertically-aligned-center\"><!-- wp:image {\"align\":\"full\",\"sizeSlug\":\"large\"} -->\r\n<figure class=\"wp-block-image alignfull size-large\"><img src=\"https:\/\/buch2.dashungrigeherz.de\/wp-content\/themes\/twentytwentyone\/assets\/images\/roses-tremieres-hollyhocks-1884.jpg\" alt=\"\u201eRoses Tr\u00e9mi\u00e8res (Stockrosen)\u201c von Berthe Morisot\"\/><\/figure>\r\n<!-- \/wp:image -->\r\n\r\n<!-- wp:spacer -->\r\n<div style=\"height:100px\" aria-hidden=\"true\" class=\"wp-block-spacer\"><\/div>\r\n<!-- \/wp:spacer -->\r\n\r\n<!-- wp:image {\"align\":\"full\",\"sizeSlug\":\"large\",\"className\":\"is-style-twentytwentyone-image-frame\"} -->\r\n<figure class=\"wp-block-image alignfull size-large is-style-twentytwentyone-image-frame\"><img src=\"https:\/\/buch2.dashungrigeherz.de\/wp-content\/themes\/twentytwentyone\/assets\/images\/in-the-bois-de-boulogne.jpg\" alt=\"\u201eIm Bois de Boulogne\u201c von Berthe Morisot\"\/><\/figure>\r\n<!-- \/wp:image --><\/div>\r\n<!-- \/wp:column -->\r\n\r\n<!-- wp:column {\"verticalAlignment\":\"center\"} -->\r\n<div class=\"wp-block-column is-vertically-aligned-center\"><!-- wp:spacer -->\r\n<div style=\"height:100px\" aria-hidden=\"true\" class=\"wp-block-spacer\"><\/div>\r\n<!-- \/wp:spacer -->\r\n\r\n<!-- wp:image {\"sizeSlug\":\"large\",\"className\":\"alignfull size-full is-style-twentytwentyone-border\"} -->\r\n<figure class=\"wp-block-image size-large alignfull size-full is-style-twentytwentyone-border\"><img src=\"https:\/\/buch2.dashungrigeherz.de\/wp-content\/themes\/twentytwentyone\/assets\/images\/young-woman-in-mauve.jpg\" alt=\"\u201eJunge Frau in Mauve\u201c von Berthe Morisot\"\/><\/figure>\r\n<!-- \/wp:image --><\/div>\r\n<!-- \/wp:column --><\/div>\r\n<!-- \/wp:columns -->\r\n\r\n<!-- wp:spacer {\"height\":50} -->\r\n<div style=\"height:50px\" aria-hidden=\"true\" class=\"wp-block-spacer\"><\/div>\r\n<!-- \/wp:spacer -->\r\n\r\n<!-- wp:columns {\"verticalAlignment\":\"top\",\"align\":\"wide\"} -->\r\n<div class=\"wp-block-columns alignwide are-vertically-aligned-top\"><!-- wp:column {\"verticalAlignment\":\"top\"} -->\r\n<div class=\"wp-block-column is-vertically-aligned-top\"><!-- wp:heading {\"level\":3} -->\r\n<h3>F\u00fcge Block-Vorlagen ein<\/h3>\r\n<!-- \/wp:heading -->\r\n\r\n<!-- wp:paragraph -->\r\n<p>Block-Vorlagen sind vorgefertigte Gruppen von Bl\u00f6cken. Um eine solche Vorlage hinzuzuf\u00fcgen, w\u00e4hle die Schaltfl\u00e4che Block hinzuf\u00fcgen [+] in der Symbolleiste oben im Editor. Wechsle zur Registerkarte \u201eVorlagen\u201c unter der Suchleiste, und w\u00e4hle eine Mustervorlage aus.<\/p>\r\n<!-- \/wp:paragraph --><\/div>\r\n<!-- \/wp:column -->\r\n\r\n<!-- wp:column {\"verticalAlignment\":\"top\"} -->\r\n<div class=\"wp-block-column is-vertically-aligned-top\"><!-- wp:heading {\"level\":3} -->\r\n<h3>Rahme deine Bilder<\/h3>\r\n<!-- \/wp:heading -->\r\n\r\n<!-- wp:paragraph -->\r\n<p>Twenty Twenty-One enth\u00e4lt stilvolle Umrandungen f\u00fcr Ihren Inhalt. Wenn ein Bildblock ausgew\u00e4hlt ist, \u00f6ffne den Bereich \u201eStile\u201c in der Seitenleiste des Editors. W\u00e4hle den Blockstil \u201eRahmen\u201c zum Aktivieren.<\/p>\r\n<!-- \/wp:paragraph --><\/div>\r\n<!-- \/wp:column -->\r\n\r\n<!-- wp:column {\"verticalAlignment\":\"top\"} -->\r\n<div class=\"wp-block-column is-vertically-aligned-top\"><!-- wp:heading {\"level\":3} -->\r\n<h3>\u00dcberlappe Spalten<\/h3>\r\n<!-- \/wp:heading -->\r\n\r\n<!-- wp:paragraph -->\r\n<p>Twenty Twenty-One enth\u00e4lt auch einen \u00dcberlappungsstil f\u00fcr Spaltenbl\u00f6cke. Wenn ein Spaltenblock ausgew\u00e4hlt ist, \u00f6ffne den Bereich \u201eStile\u201c in der Seitenleiste des Editors. W\u00e4hle den Blockstil \u201e\u00dcberlappung\u201c, um diesen auszuprobieren.<\/p>\r\n<!-- \/wp:paragraph --><\/div>\r\n<!-- \/wp:column --><\/div>\r\n<!-- \/wp:columns -->\r\n\r\n<!-- wp:spacer -->\r\n<div style=\"height:100px\" aria-hidden=\"true\" class=\"wp-block-spacer\"><\/div>\r\n<!-- \/wp:spacer -->\r\n\r\n<!-- wp:cover {\"overlayColor\":\"green\",\"contentPosition\":\"center center\",\"align\":\"wide\",\"className\":\"is-style-twentytwentyone-border\"} -->\r\n<div class=\"wp-block-cover alignwide has-green-background-color has-background-dim is-style-twentytwentyone-border\"><div class=\"wp-block-cover__inner-container\"><!-- wp:spacer {\"height\":20} -->\r\n<div style=\"height:20px\" aria-hidden=\"true\" class=\"wp-block-spacer\"><\/div>\r\n<!-- \/wp:spacer -->\r\n\r\n<!-- wp:paragraph {\"fontSize\":\"huge\"} -->\r\n<p class=\"has-huge-font-size\">Brauchst du Hilfe?<\/p>\r\n<!-- \/wp:paragraph -->\r\n\r\n<!-- wp:spacer {\"height\":75} -->\r\n<div style=\"height:75px\" aria-hidden=\"true\" class=\"wp-block-spacer\"><\/div>\r\n<!-- \/wp:spacer -->\r\n\r\n<!-- wp:columns -->\r\n<div class=\"wp-block-columns\"><!-- wp:column -->\r\n<div class=\"wp-block-column\"><!-- wp:paragraph -->\r\n<p><a href=\"https:\/\/wordpress.org\/support\/article\/twenty-twenty-one\/\">Lies die Theme-Dokumentation<\/a><\/p>\r\n<!-- \/wp:paragraph --><\/div>\r\n<!-- \/wp:column -->\r\n\r\n<!-- wp:column -->\r\n<div class=\"wp-block-column\"><!-- wp:paragraph -->\r\n<p><a href=\"https:\/\/wordpress.org\/support\/theme\/twentytwentyone\/\">Besuche die Support-Foren<\/a><\/p>\r\n<!-- \/wp:paragraph --><\/div>\r\n<!-- \/wp:column --><\/div>\r\n<!-- \/wp:columns -->\r\n\r\n<!-- wp:spacer {\"height\":20} -->\r\n<div style=\"height:20px\" aria-hidden=\"true\" class=\"wp-block-spacer\"><\/div>\r\n<!-- \/wp:spacer --><\/div><\/div>\r\n<!-- \/wp:cover -->","_et_gb_content_width":"","footnotes":""},"class_list":["post-5","page","type-page","status-publish","hentry"],"_links":{"self":[{"href":"https:\/\/buch2.dashungrigeherz.de\/index.php?rest_route=\/wp\/v2\/pages\/5","targetHints":{"allow":["GET"]}}],"collection":[{"href":"https:\/\/buch2.dashungrigeherz.de\/index.php?rest_route=\/wp\/v2\/pages"}],"about":[{"href":"https:\/\/buch2.dashungrigeherz.de\/index.php?rest_route=\/wp\/v2\/types\/page"}],"author":[{"embeddable":true,"href":"https:\/\/buch2.dashungrigeherz.de\/index.php?rest_route=\/wp\/v2\/users\/1"}],"replies":[{"embeddable":true,"href":"https:\/\/buch2.dashungrigeherz.de\/index.php?rest_route=%2Fwp%2Fv2%2Fcomments&post=5"}],"version-history":[{"count":51,"href":"https:\/\/buch2.dashungrigeherz.de\/index.php?rest_route=\/wp\/v2\/pages\/5\/revisions"}],"predecessor-version":[{"id":330,"href":"https:\/\/buch2.dashungrigeherz.de\/index.php?rest_route=\/wp\/v2\/pages\/5\/revisions\/330"}],"wp:attachment":[{"href":"https:\/\/buch2.dashungrigeherz.de\/index.php?rest_route=%2Fwp%2Fv2%2Fmedia&parent=5"}],"curies":[{"name":"wp","href":"https:\/\/api.w.org\/{rel}","templated":true}]}}