{"id":208,"date":"2021-10-05T09:53:22","date_gmt":"2021-10-05T09:53:22","guid":{"rendered":"https:\/\/buch2.dashungrigeherz.de\/?page_id=208"},"modified":"2023-11-16T14:38:54","modified_gmt":"2023-11-16T14:38:54","slug":"impressum","status":"publish","type":"page","link":"https:\/\/buch2.dashungrigeherz.de\/?page_id=208","title":{"rendered":"Impressum"},"content":{"rendered":"<p>[et_pb_section fb_built=&#8220;1&#8243; admin_label=&#8220;section&#8220; _builder_version=&#8220;4.10.8&#8243; background_image=&#8220;https:\/\/buch2.dashungrigeherz.de\/wp-content\/uploads\/2021\/10\/Das-hungrige-Herz-10-1.png&#8220; hover_enabled=&#8220;0&#8243; global_colors_info=&#8220;{}&#8220; min_height=&#8220;100px&#8220; max_height=&#8220;2400px&#8220; height=&#8220;1823px&#8220; sticky_enabled=&#8220;0&#8243;][et_pb_row admin_label=&#8220;row&#8220; _builder_version=&#8220;4.10.8&#8243; background_size=&#8220;initial&#8220; background_position=&#8220;top_left&#8220; background_repeat=&#8220;repeat&#8220; hover_enabled=&#8220;0&#8243; global_colors_info=&#8220;{}&#8220; height=&#8220;1725px&#8220; max_height=&#8220;1905px&#8220; sticky_enabled=&#8220;0&#8243;][et_pb_column type=&#8220;4_4&#8243; _builder_version=&#8220;3.25&#8243; custom_padding=&#8220;|||&#8220; global_colors_info=&#8220;{}&#8220; custom_padding__hover=&#8220;|||&#8220;][et_pb_text _builder_version=&#8220;4.10.8&#8243; _module_preset=&#8220;default&#8220; text_orientation=&#8220;center&#8220; custom_margin=&#8220;-82px|||||&#8220; hover_enabled=&#8220;0&#8243; global_colors_info=&#8220;{}&#8220; custom_padding=&#8220;||0px|||&#8220; sticky_enabled=&#8220;0&#8243;]<\/p>\n<div><\/div>\n<div><\/div>\n<div id=\"page-container\">\n<div id=\"et-main-area\">\n<div id=\"main-content\">\n<article id=\"post-1417\" class=\"post-1417 page type-page status-publish hentry\">\n<div class=\"entry-content\">\n<div id=\"et-boc\" class=\"et-boc\">\n<div class=\"et_builder_inner_content et_pb_gutters3\">\n<div class=\"et_pb_section et_pb_section_0 et_pb_with_background et_section_regular\">\n<div class=\"et_pb_row et_pb_row_0\">\n<div class=\"et_pb_column et_pb_column_4_4 et_pb_column_0    et_pb_css_mix_blend_mode_passthrough et-last-child\">\n<div class=\"et_pb_module et_pb_text et_pb_text_0 et_pb_bg_layout_light  et_pb_text_align_center\">\n<div class=\"et_pb_text_inner\">\n<p>&nbsp;<\/p>\n<p>INHALT<\/p>\n<p>Der Autor \u00fcbernimmt keinerlei Gew\u00e4hr f\u00fcr die Aktualit\u00e4t, Korrektheit, Vollst\u00e4ndigkeit oder Qualit\u00e4t der bereitgestellten Informationen. Haftungsanspr\u00fcche gegen den Autor, welche sich auf Sch\u00e4den materieller oder ideeller Art beziehen, die durch die Nutzung oder Nichtnutzung der dargebotenen Informationen bzw. durch die Nutzung fehlerhafter und unvollst\u00e4ndiger Informationen verursacht wurden, sind grunds\u00e4tzlich ausgeschlossen, sofern seitens des Autors kein nachweislich vors\u00e4tzliches oder grob fahrl\u00e4ssiges Verschulden vorliegt.<\/p>\n<p><span style=\"font-size: 14px;\">Alle Angebote sind freibleibend und unverbindlich. Der Autor beh\u00e4lt es sich ausdr\u00fccklich vor, Teile der Seiten oder das gesamte Angebot ohne gesonderte Ank\u00fcndigung zu ver\u00e4ndern, zu erg\u00e4nzen, zu l\u00f6schen oder die Ver\u00f6ffentlichung zeitweise oder endg\u00fcltig einzustellen.<\/span><\/p>\n<p><span style=\"font-size: 14px;\">Pflichthinweis:<\/span><\/p>\n<p><span style=\"font-size: 14px;\">Mit Urteil vom 12.Mai 1998 hat das Landgericht Hamburg entschieden, dass man durch das Setzen eines Links die Inhalte der gelinkten Seite ggf. mit zu verantworten hat. Dies kann, so das LG, nur dadurch verhindert werden, dass man sich ausdr\u00fccklich von diesen Inhalten distanziert. Weddingmore.de enth\u00e4lt Links zu anderen Websites. Wir haben keinerlei Einfluss auf die Gestaltung der gelinkten Seiten. Daher distanziere wir uns ausdr\u00fccklich von rechtswidrigen Inhalten der gelinkten Seiten. Dies gilt f\u00fcr alle Links auf dieser Webseite.<\/span><\/p>\n<p><span style=\"font-size: 14px;\">Hiermit distanziert sich der Autor ausdr\u00fccklich von allen Inhalten in Foren und G\u00e4steb\u00fcchern. <\/span><\/p>\n<p><span style=\"font-size: 14px;\">Datenschutz Pflichthinweis:<\/span><span style=\"font-size: 14px;\">Sofern innerhalb des Internetangebotes die M\u00f6glichkeit zur Eingabe pers\u00f6nlicher oder gesch\u00e4ftlicher Daten (Emailadressen, Namen, Anschriften) besteht, so erfolgt die Preisgabe dieser Daten seitens des Nutzers auf ausdr\u00fccklich freiwilliger Basis. Die Nutzung der im Rahmen des Impressums oder vergleichbarer Angaben ver\u00f6ffentlichten Kontaktdaten wie Postanschriften, Telefon- und Faxnummern sowie Emailadressen durch Dritte zur \u00dcbersendung von nicht ausdr\u00fccklich angeforderten Informationen ist nicht gestattet. Rechtliche Schritte gegen die Versender von sogenannten Spam-Mails bei Verst\u00f6ssen gegen dieses Verbot sind ausdr\u00fccklich vorbehalten.<\/span><\/p>\n<p><span style=\"font-size: 14px;\">Newsletter<\/span><\/p>\n<p><span style=\"font-size: 14px;\">Wenn Sie den auf der Webseite angebotenen Newsletter beziehen m\u00f6chten, ben\u00f6tigen wir von Ihnen eine E-Mail-Adresse sowie Informationen, welche uns die \u00dcberpr\u00fcfung gestatten, dass Sie der Inhaber der angegebenen E-Mail-Adresse und mit dem Empfang des Newsletters einverstanden sind. Zur Gew\u00e4hrleistung einer einverst\u00e4ndlichen Newsletter-Versendung nutzen wir das sogenannte Double-Opt-in-Verfahren. Im Zuge dessen l\u00e4sst sich der potentielle Empf\u00e4nger in einen Verteiler aufnehmen. Anschlie\u00dfend erh\u00e4lt der Nutzer durch eine Best\u00e4tigungs-E-Mail die M\u00f6glichkeit, die Anmeldung rechtssicher zu best\u00e4tigen. Nur wenn die Best\u00e4tigung erfolgt, wird die Adresse aktiv in den Verteiler aufgenommen. Zur Gew\u00e4hrleistung einer einverst\u00e4ndlichen Newsletter-Versendung nutzen wir das sogenannte Double-Opt-in-Verfahren. Im Zuge dessen l\u00e4sst sich der potentielle Empf\u00e4nger in einen Verteiler aufnehmen. Anschlie\u00dfend erh\u00e4lt der Nutzer durch eine Best\u00e4tigungs-E-Mail die M\u00f6glichkeit, die Anmeldung rechtssicher zu best\u00e4tigen. Nur wenn die Best\u00e4tigung erfolgt, wird die Adresse aktiv in den Verteiler aufgenommen.Diese Daten verwenden wir ausschlie\u00dflich f\u00fcr den Versand der angeforderten Informationen und Angebote<\/span><\/p>\n<p><span style=\"font-size: 14px;\"><\/span><\/p>\n<p><span style=\"font-size: 14px;\">Diese Daten verwenden wir ausschlie\u00dflich f\u00fcr den Versand der angeforderten Informationen und Angebote.<\/span><\/p>\n<p><span style=\"font-size: 14px;\"><\/span><\/p>\n<p><span style=\"font-size: 14px;\">als Newsletter-Software wird <\/span><a class=\"snppopup\" href=\"https:\/\/www.newsletter2go.de\/\" target=\"_blank\" rel=\"noopener\" style=\"font-size: 14px;\">Newsletter2Go<\/a><span style=\"font-size: 14px;\">\u00a0verwendet. Ihre Daten werden dabei an die Newsletter2Go GmbH \u00fcbermittelt. Newsletter2Go ist es dabei untersagt, Ihre Daten zu verkaufen und f\u00fcr andere Zwecke, als f\u00fcr den Versand von Newslettern zu nutzen. Newsletter2Go ist ein deutscher, zertifizierter Anbieter, welcher nach den Anforderungen der Datenschutz-Grundverordnung und des Bundesdatenschutzgesetzes ausgew\u00e4hlt wurde.\u00a0Weitere Informationen finden Sie hier:\u00a0<\/span><a class=\"snppopup\" href=\"https:\/\/www.newsletter2go.de\/informationen-newsletter-empfaenger\/\" target=\"_blank\" rel=\"noopener\" style=\"font-size: 14px;\">https:\/\/www.newsletter2go.de\/informationen-newsletter-empfaenger\/\u00a0<\/a><\/p>\n<p><span style=\"font-size: 14px;\">Die erteilte Einwilligung zur Speicherung der Daten, der E-Mail-Adresse sowie deren Nutzung zum Versand des Newsletters k\u00f6nnen Sie jederzeit widerrufen, etwa \u00fcber den \u201eAbmelden\u201c-Link im fecNewsletter. <\/span><\/p>\n<p><span style=\"font-size: 14px;\">Die datenschutzrechtlichen Ma\u00dfnahmen unterliegen stets technischen Erneuerungen aus diesem Grund bitten wir Sie, sich \u00fcber unsere Datenschutzma\u00dfnahmen in regelm\u00e4\u00dfigen Abst\u00e4nden durch Einsichtnahme in unsere Datenschutzerkl\u00e4rung zu informieren. <\/span><\/p>\n<p><span style=\"font-size: 14px;\">Rechtswirksamkeit dieses Haftungsausschlusses:<\/span><\/p>\n<p><span style=\"font-size: 14px;\">Dieser Haftungsausschluss ist als Teil des Internetangebotes zu betrachten, von dem aus auf diese Seite verwiesen wurde. Sofern Teile oder einzelne Formulierungen dieses Textes der geltenden Rechtslage nicht, nicht mehr oder nicht vollst\u00e4ndig entsprechen sollten, bleiben die \u00fcbrigen Teile des Dokumentes in ihrem Inhalt und ihrer G\u00fcltigkeit davon unber\u00fchrt.<\/span><\/p>\n<p><span style=\"font-size: 14px;\">Das hungrige Herz<\/span><\/p>\n<p>Erzgebirgsstr. 29<\/p>\n<p><span style=\"font-size: 14px;\">D-47445 Moers<\/span><\/p>\n<p><span style=\"color: #333333; font-family: 'Amatic SC', handwriting; font-size: 30px;\">Tel.: 01728746469<\/span><\/p>\n<p><span style=\"font-size: 14px;\">Webmaster: Beate Huppertz<\/span><\/p>\n<p><span style=\"font-size: 14px;\">Domaininhaberin: Beate Huppertz<\/span><\/p>\n<\/div>\n<\/div>\n<\/div>\n<\/div>\n<\/div>\n<\/div>\n<\/div>\n<\/div>\n<\/article>\n<\/div>\n<footer id=\"main-footer\">\n<div id=\"footer-bottom\">\n<div class=\"container clearfix\"><\/div>\n<\/div>\n<\/footer>\n<\/div>\n<\/div>\n<div id=\"ncore_footer_placeholder\" style=\"text-align: center;\"><\/div>\n<p>[\/et_pb_text][\/et_pb_column][\/et_pb_row][\/et_pb_section]<\/p>\n","protected":false},"excerpt":{"rendered":"<p>&nbsp; INHALT Der Autor \u00fcbernimmt keinerlei Gew\u00e4hr f\u00fcr die Aktualit\u00e4t, Korrektheit, Vollst\u00e4ndigkeit oder Qualit\u00e4t der bereitgestellten Informationen. Haftungsanspr\u00fcche gegen den Autor, welche sich auf Sch\u00e4den materieller oder ideeller Art beziehen, die durch die Nutzung oder Nichtnutzung der dargebotenen Informationen bzw. durch die Nutzung fehlerhafter und unvollst\u00e4ndiger Informationen verursacht wurden, sind grunds\u00e4tzlich ausgeschlossen, sofern seitens des [&hellip;]<\/p>\n","protected":false},"author":1,"featured_media":0,"parent":0,"menu_order":0,"comment_status":"closed","ping_status":"closed","template":"","meta":{"_et_pb_use_builder":"on","_et_pb_old_content":"","_et_gb_content_width":"","footnotes":""},"class_list":["post-208","page","type-page","status-publish","hentry"],"_links":{"self":[{"href":"https:\/\/buch2.dashungrigeherz.de\/index.php?rest_route=\/wp\/v2\/pages\/208","targetHints":{"allow":["GET"]}}],"collection":[{"href":"https:\/\/buch2.dashungrigeherz.de\/index.php?rest_route=\/wp\/v2\/pages"}],"about":[{"href":"https:\/\/buch2.dashungrigeherz.de\/index.php?rest_route=\/wp\/v2\/types\/page"}],"author":[{"embeddable":true,"href":"https:\/\/buch2.dashungrigeherz.de\/index.php?rest_route=\/wp\/v2\/users\/1"}],"replies":[{"embeddable":true,"href":"https:\/\/buch2.dashungrigeherz.de\/index.php?rest_route=%2Fwp%2Fv2%2Fcomments&post=208"}],"version-history":[{"count":5,"href":"https:\/\/buch2.dashungrigeherz.de\/index.php?rest_route=\/wp\/v2\/pages\/208\/revisions"}],"predecessor-version":[{"id":337,"href":"https:\/\/buch2.dashungrigeherz.de\/index.php?rest_route=\/wp\/v2\/pages\/208\/revisions\/337"}],"wp:attachment":[{"href":"https:\/\/buch2.dashungrigeherz.de\/index.php?rest_route=%2Fwp%2Fv2%2Fmedia&parent=208"}],"curies":[{"name":"wp","href":"https:\/\/api.w.org\/{rel}","templated":true}]}}