{"id":160,"date":"2021-10-05T08:49:57","date_gmt":"2021-10-05T08:49:57","guid":{"rendered":"https:\/\/buch2.dashungrigeherz.de\/?page_id=160"},"modified":"2022-03-14T12:49:42","modified_gmt":"2022-03-14T12:49:42","slug":"downloads","status":"publish","type":"page","link":"https:\/\/buch2.dashungrigeherz.de\/?page_id=160","title":{"rendered":"Downloads"},"content":{"rendered":"<p>[et_pb_section fb_built=&#8220;1&#8243; _builder_version=&#8220;4.10.8&#8243; background_color=&#8220;rgba(229,220,227,0.04)&#8220; background_image=&#8220;https:\/\/buch2.dashungrigeherz.de\/wp-content\/uploads\/2021\/10\/Das-hungrige-Herz-10-1.png&#8220; min_height=&#8220;875.8px&#8220; custom_padding=&#8220;2px|||||&#8220; collapsed=&#8220;off&#8220; global_colors_info=&#8220;{}&#8220;][et_pb_row _builder_version=&#8220;4.10.8&#8243; _module_preset=&#8220;default&#8220; custom_margin=&#8220;-1px|auto||auto||&#8220; custom_padding=&#8220;77px|||||&#8220; global_colors_info=&#8220;{}&#8220;][et_pb_column type=&#8220;4_4&#8243; _builder_version=&#8220;4.10.8&#8243; _module_preset=&#8220;default&#8220; global_colors_info=&#8220;{}&#8220;][et_pb_image src=&#8220;https:\/\/buch2.dashungrigeherz.de\/wp-content\/uploads\/2021\/10\/Paint-3-D-aus-300&#215;252.png&#8220; title_text=&#8220;Paint 3 D aus&#8220; align=&#8220;center&#8220; _builder_version=&#8220;4.10.8&#8243; _module_preset=&#8220;default&#8220; global_colors_info=&#8220;{}&#8220;][\/et_pb_image][et_pb_text _builder_version=&#8220;4.10.8&#8243; _module_preset=&#8220;default&#8220; text_font=&#8220;|700|||||||&#8220; text_font_size=&#8220;31px&#8220; text_line_height=&#8220;1.8em&#8220; text_orientation=&#8220;center&#8220; width_tablet=&#8220;100%&#8220; width_phone=&#8220;&#8220; width_last_edited=&#8220;on|tablet&#8220; max_width=&#8220;100%&#8220; max_width_tablet=&#8220;&#8220; max_width_phone=&#8220;&#8220; max_width_last_edited=&#8220;on|tablet&#8220; module_alignment=&#8220;center&#8220; text_font_size_tablet=&#8220;&#8220; text_font_size_phone=&#8220;26px&#8220; text_font_size_last_edited=&#8220;on|phone&#8220; global_colors_info=&#8220;{}&#8220;]<span style=\"text-decoration: underline;\">Hochzeit mit mir<\/span> [\/et_pb_text][et_pb_text _builder_version=&#8220;4.10.8&#8243; _module_preset=&#8220;default&#8220; text_font=&#8220;|600|||||||&#8220; custom_margin=&#8220;||21px|||&#8220; global_colors_info=&#8220;{}&#8220;]<\/p>\n<div class=\"et_pb_text_inner\">\n<div class=\"et-fb-popover-tinymce\" data-shortcode-id=\"0.1.0.1-1633424859674\" data-quickaccess-editable=\"yes\">\n<div class=\"mce-content-body\" style=\"position: relative;\" contenteditable=\"true\">\n<p style=\"text-align: center;\">Hier kannst Du Dir f\u00fcr Deinen wundersch\u00f6nen Hochzeitstag mit Dir die Heiratsurkunde, die Vorlage f\u00fcr ein Gel\u00f6bnis und ein Herz zum Ausschneiden herunterladen, um diese dann f\u00fcr Dich auszuf\u00fcllen und auszudrucken!<\/p>\n<p style=\"text-align: center;\">Ich w\u00fcnsche Dir von Herzen viel Freude bei Deinen Vorbereitungen!<\/p>\n<p style=\"text-align: center;\">\n<\/div>\n<\/div>\n<\/div>\n<p>[\/et_pb_text][et_pb_text _builder_version=&#8220;4.10.8&#8243; _module_preset=&#8220;default&#8220; text_font=&#8220;|600|||||||&#8220; text_orientation=&#8220;center&#8220; custom_padding=&#8220;||6px|||&#8220; global_colors_info=&#8220;{}&#8220;]<a href=\"https:\/\/buch2.dashungrigeherz.de\/wp-content\/uploads\/2021\/10\/HeiratsurkundemitText.docx\">Heiratsurkunde mit Text (Word Datei)<\/a><\/p>\n<p>&nbsp;<\/p>\n<p><a href=\"https:\/\/buch2.dashungrigeherz.de\/wp-content\/uploads\/2021\/10\/HeiratsurkundeohneNamenundDatum1.pdf\">Heiratsurkunde ohne Namen und Datum<\/a><\/p>\n<p>&nbsp;<\/p>\n<p><a href=\"https:\/\/buch2.dashungrigeherz.de\/wp-content\/uploads\/2021\/10\/Heiratsurkundeblanco1.pdf\">Heiratsurkunde Blanko<\/a><\/p>\n<p>&nbsp;<\/p>\n<p><a href=\"https:\/\/buch2.dashungrigeherz.de\/wp-content\/uploads\/2021\/10\/GelC3B6bnis.docx\">Gel\u00f6bnis mit Text (Word Datei)<\/a><\/p>\n<p>&nbsp;<\/p>\n<p><a href=\"https:\/\/buch2.dashungrigeherz.de\/wp-content\/uploads\/2021\/10\/GelC3B6bnisblanco.pdf\">Gel\u00f6bnis Blanco<\/a><\/p>\n<p>&nbsp;<\/p>\n<p><a href=\"https:\/\/buch2.dashungrigeherz.de\/wp-content\/uploads\/2021\/10\/HerzzumAusschneiden1.pdf\">Herz zum Ausschneiden<\/a><\/p>\n<p>&nbsp;<\/p>\n<p>&nbsp;<br \/>\n[\/et_pb_text][et_pb_text _builder_version=&#8220;4.10.8&#8243; _module_preset=&#8220;default&#8220; text_font=&#8220;|700|||on||||&#8220; text_font_size=&#8220;30px&#8220; text_orientation=&#8220;center&#8220; global_colors_info=&#8220;{}&#8220;]Ahnenmeditation [\/et_pb_text][et_pb_text _builder_version=&#8220;4.10.8&#8243; _module_preset=&#8220;default&#8220; text_font=&#8220;|600|||||||&#8220; custom_margin=&#8220;||91px|||&#8220; global_colors_info=&#8220;{}&#8220;]<\/p>\n<p style=\"text-align: center;\"><a title=\"Ahnenmeditation\" href=\"https:\/\/buch2.dashungrigeherz.de\/wp-content\/uploads\/2021\/10\/Ahnenmeditation.docx\">Download Ahnenmedidation<\/a><\/p>\n<p>[\/et_pb_text][et_pb_text _builder_version=&#8220;4.10.8&#8243; _module_preset=&#8220;default&#8220; text_font=&#8220;|700|||on||||&#8220; text_font_size=&#8220;30px&#8220; text_orientation=&#8220;center&#8220; global_colors_info=&#8220;{}&#8220;]WERTELISTE<br \/>\n[\/et_pb_text][et_pb_text _builder_version=&#8220;4.10.8&#8243; _module_preset=&#8220;default&#8220; text_font=&#8220;|600|||||||&#8220; hover_enabled=&#8220;0&#8243; global_colors_info=&#8220;{}&#8220; sticky_enabled=&#8220;0&#8243;]<\/p>\n<p style=\"text-align: center;\"><a title=\"Ahnenmeditation\" href=\"https:\/\/buch2.dashungrigeherz.de\/wp-content\/uploads\/2021\/10\/Werteliste.pdf\">Download <\/a><a href=\"https:\/\/buch2.dashungrigeherz.de\/wp-content\/uploads\/2021\/10\/Werteliste.pdf\" rel=\"attachment wp-att-267\">Werteliste<\/a><\/p>\n<p>[\/et_pb_text][\/et_pb_column][\/et_pb_row][\/et_pb_section]<\/p>\n","protected":false},"excerpt":{"rendered":"<p>Hochzeit mit mir Hier kannst Du Dir f\u00fcr Deinen wundersch\u00f6nen Hochzeitstag mit Dir die Heiratsurkunde, die Vorlage f\u00fcr ein Gel\u00f6bnis und ein Herz zum Ausschneiden herunterladen, um diese dann f\u00fcr Dich auszuf\u00fcllen und auszudrucken! Ich w\u00fcnsche Dir von Herzen viel Freude bei Deinen Vorbereitungen! Heiratsurkunde mit Text (Word Datei) &nbsp; Heiratsurkunde ohne Namen und Datum [&hellip;]<\/p>\n","protected":false},"author":1,"featured_media":0,"parent":0,"menu_order":0,"comment_status":"closed","ping_status":"closed","template":"","meta":{"_et_pb_use_builder":"on","_et_pb_old_content":"","_et_gb_content_width":"","footnotes":""},"class_list":["post-160","page","type-page","status-publish","hentry"],"_links":{"self":[{"href":"https:\/\/buch2.dashungrigeherz.de\/index.php?rest_route=\/wp\/v2\/pages\/160","targetHints":{"allow":["GET"]}}],"collection":[{"href":"https:\/\/buch2.dashungrigeherz.de\/index.php?rest_route=\/wp\/v2\/pages"}],"about":[{"href":"https:\/\/buch2.dashungrigeherz.de\/index.php?rest_route=\/wp\/v2\/types\/page"}],"author":[{"embeddable":true,"href":"https:\/\/buch2.dashungrigeherz.de\/index.php?rest_route=\/wp\/v2\/users\/1"}],"replies":[{"embeddable":true,"href":"https:\/\/buch2.dashungrigeherz.de\/index.php?rest_route=%2Fwp%2Fv2%2Fcomments&post=160"}],"version-history":[{"count":37,"href":"https:\/\/buch2.dashungrigeherz.de\/index.php?rest_route=\/wp\/v2\/pages\/160\/revisions"}],"predecessor-version":[{"id":334,"href":"https:\/\/buch2.dashungrigeherz.de\/index.php?rest_route=\/wp\/v2\/pages\/160\/revisions\/334"}],"wp:attachment":[{"href":"https:\/\/buch2.dashungrigeherz.de\/index.php?rest_route=%2Fwp%2Fv2%2Fmedia&parent=160"}],"curies":[{"name":"wp","href":"https:\/\/api.w.org\/{rel}","templated":true}]}}